{"id":55,"date":"2015-09-02T20:20:11","date_gmt":"2015-09-02T20:20:11","guid":{"rendered":"http:\/\/test.id-tech.cz\/?page_id=55"},"modified":"2015-09-07T14:26:55","modified_gmt":"2015-09-07T14:26:55","slug":"systemy-na-miru","status":"publish","type":"page","link":"https:\/\/www.id-tech.cz\/?page_id=55","title":{"rendered":"Syst\u00e9my na m\u00edru"},"content":{"rendered":"<p>N\u00e1\u0161 informa\u010dn\u00edsyst\u00e9m je d\u00edky svoj\u00ed modul\u00e1rn\u00ed filozofii vhodn\u00fd pro jednoduch\u00e9 evidence stejn\u011b jako pro rozs\u00e1hle datab\u00e1ze a anal\u00fdzy dat, kter\u00e9 dok\u00e1\u017eeme efektivn\u011b sesb\u00edrat z jin\u00fdch syst\u00e9mu pomoc\u00ed datov\u00e9ho propojen\u00ed, nebo p\u0159\u00edm\u00fdm sb\u011brem z re\u00e1ln\u00e9ho sv\u011bta. D\u00edky tomu je mo\u017en\u00e9 pou\u017e\u00edvat n\u00e1\u0161 syst\u00e9m jako CRM (syst\u00e9m pro spr\u00e1vu vztah\u016f se z\u00e1kazn\u00edky) nebo MIS (Mana\u017eersk\u00fd informa\u010dn\u00ed Syst\u00e9m) ur\u010den\u00fd pro tvorbu rychl\u00fdch p\u0159ehled\u016f o d\u011bn\u00ed ve spole\u010dnosti.<\/p>\n<p>Pokud m\u00e1te informa\u010dn\u00ed syst\u00e9m kter\u00fd V\u00e1m vyhovuje p\u0159i ka\u017edodenn\u00ed pr\u00e1ci, ale zaost\u00e1v\u00e1 v podpo\u0159e p\u0159i rozhodov\u00e1n\u00ed, nen\u00ed t\u0159eba st\u00e1vaj\u00edc\u00ed syst\u00e9m m\u011bnit (zahodit tak \u010dasov\u00e9 a finan\u010dn\u00ed prost\u0159edky do n\u011bj vlo\u017een\u00e9). Na\u0161i specialist\u00e9 navrhnou optim\u00e1ln\u00ed a cenov\u011b v\u00fdhodn\u00e9 \u0159e\u0161en\u00ed, kter\u00e9 V\u00e1m p\u0159inese \u00fasporu \u010dasu i p\u011bn\u011bz. Dok\u00e1\u017eeme analyzovat objedn\u00e1vky, faktury, skladov\u00e9 pohyby, procesy ve v\u00fdrob\u011b nebo cokoliv jin\u00e9ho co V\u00e1s napadne. data set\u0159\u00edd\u00edme a p\u0159iprav\u00edme pro anal\u00fdzu, na jej\u00edm\u017e z\u00e1klad\u011b se pak dok\u00e1\u017eete efektivn\u011b rozhodnout.<\/p>\n<p>N\u00e1\u0161 syst\u00e9m je mo\u017en\u00e9 provozovat lok\u00e1ln\u011b na jednom PC, na s\u00ed\u0165ov\u00e9m serveru s OS Windows nebo Linux. Pokud nem\u00e1te vlstn\u00ed server navrhneme V\u00e1s hostov\u00e1n\u00ed syst\u00e9mu v na\u0161em Cloudu, tak\u017ee budete moci p\u0159istupovat k dat\u016fm odkudkoliv ze sv\u011bta, kde je p\u0159ipojen\u00ed k s\u00edti Internet. Um\u00edst\u011bn\u00ed syst\u00e9mu na na\u0161e servery je zvl\u00e1\u0161t\u011b vhodn\u00e9 pro CRM syst\u00e9my, aby k nim mohli p\u0159istupovat Obchodn\u00edci p\u0159\u00edmo z ter\u00e9nu.<\/p>\n","protected":false},"excerpt":{"rendered":"<p>N\u00e1\u0161 informa\u010dn\u00edsyst\u00e9m je d\u00edky svoj\u00ed modul\u00e1rn\u00ed filozofii vhodn\u00fd pro jednoduch\u00e9 evidence stejn\u011b jako pro rozs\u00e1hle datab\u00e1ze a anal\u00fdzy dat, kter\u00e9 dok\u00e1\u017eeme efektivn\u011b sesb\u00edrat z jin\u00fdch syst\u00e9mu pomoc\u00ed datov\u00e9ho propojen\u00ed, nebo [&hellip;]<\/p>\n","protected":false},"author":1,"featured_media":0,"parent":0,"menu_order":0,"comment_status":"closed","ping_status":"closed","template":"page-fullwidth.php","meta":{"_acf_changed":false,"footnotes":""},"tags":[],"class_list":["post-55","page","type-page","status-publish","hentry"],"acf":[],"_links":{"self":[{"href":"https:\/\/www.id-tech.cz\/index.php?rest_route=\/wp\/v2\/pages\/55","targetHints":{"allow":["GET"]}}],"collection":[{"href":"https:\/\/www.id-tech.cz\/index.php?rest_route=\/wp\/v2\/pages"}],"about":[{"href":"https:\/\/www.id-tech.cz\/index.php?rest_route=\/wp\/v2\/types\/page"}],"author":[{"embeddable":true,"href":"https:\/\/www.id-tech.cz\/index.php?rest_route=\/wp\/v2\/users\/1"}],"replies":[{"embeddable":true,"href":"https:\/\/www.id-tech.cz\/index.php?rest_route=%2Fwp%2Fv2%2Fcomments&post=55"}],"version-history":[{"count":4,"href":"https:\/\/www.id-tech.cz\/index.php?rest_route=\/wp\/v2\/pages\/55\/revisions"}],"predecessor-version":[{"id":104,"href":"https:\/\/www.id-tech.cz\/index.php?rest_route=\/wp\/v2\/pages\/55\/revisions\/104"}],"wp:attachment":[{"href":"https:\/\/www.id-tech.cz\/index.php?rest_route=%2Fwp%2Fv2%2Fmedia&parent=55"}],"wp:term":[{"taxonomy":"post_tag","embeddable":true,"href":"https:\/\/www.id-tech.cz\/index.php?rest_route=%2Fwp%2Fv2%2Ftags&post=55"}],"curies":[{"name":"wp","href":"https:\/\/api.w.org\/{rel}","templated":true}]}}