{"id":49,"date":"2015-09-02T20:18:03","date_gmt":"2015-09-02T20:18:03","guid":{"rendered":"http:\/\/test.id-tech.cz\/?page_id=49"},"modified":"2015-09-08T21:51:01","modified_gmt":"2015-09-08T21:51:01","slug":"generovani-tiskovin","status":"publish","type":"page","link":"https:\/\/www.id-tech.cz\/?page_id=49","title":{"rendered":"Generov\u00e1n\u00ed tiskovin"},"content":{"rendered":"<div id=\"obsah\">\n<div id=\"obsahin\">\n<div id=\"page\">\n<p>Nab\u00edz\u00edme V\u00e1m mo\u017enost sn\u00ed\u017eit n\u00e1klady na p\u0159edtiskovou p\u0159\u00edpravu. N\u00e1\u0161 syst\u00e9m je vhodn\u00fd zejm\u00e9na pro tiskoviny, kter\u00e9 se opakuj\u00ed, jako nap\u0159\u00edklad ak\u010dn\u00ed let\u00e1ky, cen\u00edky, technick\u00e9 a produktov\u00e9 listy. Pr\u00e1ci s na\u0161\u00edm syst\u00e9mem zvl\u00e1dne po za\u0161kolen\u00ed ka\u017ed\u00fd stejn\u011b snadno jako napsat dopis v textov\u00e9m editoru MS Word a nen\u00ed t\u0159eba vlastnit licenci pro programy jako je Adobe Ilustr\u00e1tor nebo Corel Draw. Licence pro pr\u00e1ci s na\u0161\u00edm syst\u00e9mem nav\u00edc nen\u00ed omezena na po\u010det u\u017eivatel\u016f, tak\u017ee na p\u0159edtiskov\u00e9 p\u0159\u00edprav\u011b m\u016f\u017ee pracovat i v\u00edce pracovn\u00edk\u016f. Syst\u00e9m je mo\u017en\u00e9 vyu\u017e\u00edt i pro generov\u00e1n\u00ed PDF soubor\u016f pro sta\u017een\u00ed z Internetu.<\/p>\n<h2>Ak\u010dn\u00ed let\u00e1ky<\/h2>\n<p><a class=\"galery gal_mleft\" title=\"Let\u00e1k\" href=\"http:\/\/www.systems-it.cz\/img\/vyvoj\/letak.jpg\"><img decoding=\"async\" src=\"http:\/\/www.systems-it.cz\/img\/vyvoj\/letak_sm.jpg\" alt=\"letak\" \/><\/a>Generov\u00e1n\u00ed tiskovin se nej\u010dast\u011bji vyu\u017e\u00edv\u00e1 pro tisk ak\u010dn\u00edch let\u00e1k\u016f. My V\u00e1m p\u0159iprav\u00edme \u0161ablonu pro tisk let\u00e1k\u016f a vy ka\u017ed\u00fd m\u011bs\u00edc jen obm\u011bn\u00edte zbo\u017e\u00ed. Nejv\u00edce \u010dasu V\u00e1m p\u0159itom zabere vymystet, jak\u00e9 zbo\u017e\u00ed chcete na let\u00e1ku m\u00edt a sehnat jeho fotografie. M\u016f\u017eeme V\u00e1m samoz\u0159ejm\u011b p\u0159ipravit v\u00edce \u0161ablon a vy je budete st\u0159\u00eddat &#8211; nap\u0159\u00edklad podle ro\u010dn\u00edch obdob\u00ed.<\/p>\n<p>V\u0161e co od V\u00e1s budeme pot\u0159ebovat k vytvo\u0159en\u00ed \u0161ablon je:<\/p>\n<ul>\n<li>Va\u0161e logo a v\u0161echny dopl\u0148kov\u00e9 informace, kter\u00e9 chcete na let\u00e1ku m\u00edt<\/li>\n<li>po\u010det artikl\u016f, kter\u00e9 budou na ka\u017ed\u00e9m let\u00e1ku<\/li>\n<li>Jak si p\u0159edstavujete jednotliv\u00e9 polo\u017eky let\u00e1ku (jak\u00e9 informace budou obsahovat)<\/li>\n<\/ul>\n<h2>Cen\u00edky<\/h2>\n<p>Prvn\u00ed \u0161ablonu V\u00e1m vytvo\u0159\u00edme stejn\u011b jako by to d\u011blal odborn\u00edk na p\u0159edtiskovou p\u0159\u00edpravu, n\u00e1\u0161 syst\u00e9m ale ocen\u00edte ve chv\u00edli, kdy bude t\u0159eba p\u0159ed dotiskem do cen\u00edku p\u0159idat jednu polo\u017eku nebo opravit ceny. To je v na\u0161em syst\u00e9mu ot\u00e1zka n\u011bkolika minut a nemus\u00edte m\u00edt strach, \u017ee n\u011bkdo v tisk\u00e1rn\u011b \u0161patn\u011b op\u00ed\u0161e n\u00e1zev nebo dokonce cenu polo\u017eky. Do tisk\u00e1rny po\u0161lete hotov\u00fd soubor, kter\u00fd u\u017e se nebude nijak upravovat.<\/p>\n<h2>Technick\u00e9 listy<\/h2>\n<p>Podobn\u011b jakou cen\u00edku V\u00e1m vytvo\u0159\u00edme \u0161ablonu, do kter\u00e9 budete jen dopl\u0148ovat informace o sv\u00fdch produktech. Zaplat\u00edte jen jednu \u0161ablonu technick\u00e9 nebo produktov\u00e9 listy k pades\u00e1ti Va\u0161im v\u00fdrobk\u016fm u\u017e zvl\u00e1dne t\u0159eba Va\u0161e sekret\u00e1\u0159ka. Ty pak m\u016f\u017eete bu\u010f vytisknout nebo d\u00e1t na Va\u0161e str\u00e1nky ke sta\u017een\u00ed.<\/p>\n<h2>Ceny<\/h2>\n<table>\n<tbody>\n<tr>\n<td>licence pro jeden typ tiskoviny + vytvo\u0159en\u00ed \u0161ablony<\/td>\n<td>15 000 K\u010d<\/td>\n<\/tr>\n<tr>\n<td>vytvo\u0159en\u00ed ka\u017ed\u00e9 dal\u0161\u00ed \u0161ablony<\/td>\n<td>8 000 K\u010d<\/td>\n<\/tr>\n<tr>\n<td>licence pro jeden typ tiskoviny + vytvo\u0159en\u00ed 4 \u0161ablon<\/td>\n<td>27 000 K\u010d<\/td>\n<\/tr>\n<tr>\n<td>Za\u0161kolen\u00ed Va\u0161ich pracovn\u00edk\u016f<\/td>\n<td>600 K\u010d\/hod<\/td>\n<\/tr>\n<tr>\n<td>V\u00edcepr\u00e1ce souvicej\u00edc\u00ed s tvorbou \u0161ablony (vytv\u00e1\u0159en\u00ed podklad\u016f, focen\u00ed atd.)<\/td>\n<td>600 K\u010d\/hod<\/td>\n<\/tr>\n<\/tbody>\n<\/table>\n<p>D\u00e1le V\u00e1m nab\u00edz\u00edme slevu a\u017e 50 % na vybran\u00e9 typy tiskovin, pokud na nich bude um\u00edst\u011bno na\u0161e logo a kr\u00e1tk\u00fd reklamn\u00ed text jako nap\u0159\u00edklad zde. N\u00e1rok na slevu je podm\u00edn\u011bn vyti\u0161t\u011bn\u00edm a distribuc\u00ed ur\u010dit\u00e9ho mno\u017estv\u00ed tiskovin.<\/p>\n<div class=\"cleaner\"><\/div>\n<\/div>\n<div class=\"tail\"><\/div>\n<\/div>\n<\/div>\n","protected":false},"excerpt":{"rendered":"<p>Nab\u00edz\u00edme V\u00e1m mo\u017enost sn\u00ed\u017eit n\u00e1klady na p\u0159edtiskovou p\u0159\u00edpravu. N\u00e1\u0161 syst\u00e9m je vhodn\u00fd zejm\u00e9na pro tiskoviny, kter\u00e9 se opakuj\u00ed, jako nap\u0159\u00edklad ak\u010dn\u00ed let\u00e1ky, cen\u00edky, technick\u00e9 a produktov\u00e9 listy. Pr\u00e1ci s na\u0161\u00edm [&hellip;]<\/p>\n","protected":false},"author":1,"featured_media":0,"parent":0,"menu_order":0,"comment_status":"closed","ping_status":"closed","template":"page-fullwidth.php","meta":{"_acf_changed":false,"footnotes":""},"tags":[54,15,53,55,30,52,28,51,31,43,23,47],"acf":[],"_links":{"self":[{"href":"https:\/\/www.id-tech.cz\/index.php?rest_route=\/wp\/v2\/pages\/49"}],"collection":[{"href":"https:\/\/www.id-tech.cz\/index.php?rest_route=\/wp\/v2\/pages"}],"about":[{"href":"https:\/\/www.id-tech.cz\/index.php?rest_route=\/wp\/v2\/types\/page"}],"author":[{"embeddable":true,"href":"https:\/\/www.id-tech.cz\/index.php?rest_route=\/wp\/v2\/users\/1"}],"replies":[{"embeddable":true,"href":"https:\/\/www.id-tech.cz\/index.php?rest_route=%2Fwp%2Fv2%2Fcomments&post=49"}],"version-history":[{"count":1,"href":"https:\/\/www.id-tech.cz\/index.php?rest_route=\/wp\/v2\/pages\/49\/revisions"}],"predecessor-version":[{"id":50,"href":"https:\/\/www.id-tech.cz\/index.php?rest_route=\/wp\/v2\/pages\/49\/revisions\/50"}],"wp:attachment":[{"href":"https:\/\/www.id-tech.cz\/index.php?rest_route=%2Fwp%2Fv2%2Fmedia&parent=49"}],"wp:term":[{"taxonomy":"post_tag","embeddable":true,"href":"https:\/\/www.id-tech.cz\/index.php?rest_route=%2Fwp%2Fv2%2Ftags&post=49"}],"curies":[{"name":"wp","href":"https:\/\/api.w.org\/{rel}","templated":true}]}}