{"id":456,"date":"2020-08-04T12:45:52","date_gmt":"2020-08-04T11:45:52","guid":{"rendered":"http:\/\/www.id-tech.cz\/?page_id=456"},"modified":"2020-08-04T16:11:20","modified_gmt":"2020-08-04T15:11:20","slug":"nasi-partneri","status":"publish","type":"page","link":"https:\/\/www.id-tech.cz\/?page_id=456","title":{"rendered":"Na\u0161i partne\u0159i"},"content":{"rendered":"<style type='text\/css'>#rt-container-3700977409 .filter-button-group button, #rt-container-3700977409 button.slick-arrow {background-color : #161616}#rt-container-3700977409 .slick-prev, #rt-container-3700977409 .slick-next, #rt-container-3700977409 .slick-dots li button:before{color : #161616}<\/style><div class=\"rt-container-fluid rt-wpls\" id=\"rt-container-3700977409\" data-sc-id=\"454\"><div class=\"rt-row grid-layout \"  ><div class='rt-col-md-3 rt-col-sm-3 rt-col-xs-3'><div><div class='single-logo-container'><a href='https:\/\/www.acer.com\/ac\/cs\/CZ\/content\/home' target=\"_blank\"><img title='' src='https:\/\/www.id-tech.cz\/wp-content\/uploads\/2020\/08\/Acer-logo-400x125.png' width='400' height='400' class='wls-logo' alt=''><\/a><div class='logo-description'>Porad\u00edme s v\u00fdb\u011brem a dod\u00e1me ve\u0161ker\u00e9 produkty.<\/div><\/div><\/div><\/div><div class='rt-col-md-3 rt-col-sm-3 rt-col-xs-3'><div><div class='single-logo-container'><a href='http:\/\/dell.cz\/' target=\"_blank\"><img title='Dell' src='https:\/\/www.id-tech.cz\/wp-content\/uploads\/2020\/08\/DELL-400x268.jpg' width='400' height='400' class='wls-logo' alt=''><\/a><div class='logo-description'><p>Notebooky, stoln\u00ed po\u010d\u00edta\u010de i kompletn\u00ed serverov\u00e9 \u0159e\u0161en\u00ed.<\/p>\n<\/div><\/div><\/div><\/div><div class='rt-col-md-3 rt-col-sm-3 rt-col-xs-3'><div><div class='single-logo-container'><a href='https:\/\/www.epson.cz\/' target=\"_blank\"><img loading=\"lazy\" decoding=\"async\" width=\"306\" height=\"165\" src=\"https:\/\/www.id-tech.cz\/wp-content\/uploads\/2020\/08\/sta\u017een\u00fd-soubor.png\" class=\"wls-logo\" alt=\"\" title=\"Epson\" \/><\/a><div class='logo-description'><p>Tiskov\u00e1 a projek\u010dn\u00ed technika pro \u0161koly, firmy i dom\u00e1cnosti.<\/p>\n<\/div><\/div><\/div><\/div><div class='rt-col-md-3 rt-col-sm-3 rt-col-xs-3'><div><div class='single-logo-container'><a href='http:\/\/partizan.global\/' target=\"_blank\"><img title='partizan' src='https:\/\/www.id-tech.cz\/wp-content\/uploads\/2020\/08\/logo-400x266.jpg' width='400' height='400' class='wls-logo' alt=''><\/a><div class='logo-description'><p>Kompletn\u00ed \u0159e\u0161en\u00ed kamerov\u00fdch a p\u0159\u00edstupov\u00fdch syst\u00e9m\u016f<\/p>\n<\/div><\/div><\/div><\/div><div class='rt-col-md-3 rt-col-sm-3 rt-col-xs-3'><div><div class='single-logo-container'><a href='https:\/\/www.proxmox.com\/' target=\"_blank\"><img title='Proxmox' src='https:\/\/www.id-tech.cz\/wp-content\/uploads\/2020\/08\/Proxmox-logo-860-400x84.png' width='400' height='400' class='wls-logo' alt='Virtualiza\u010dn\u00ed platforma pro mal\u00e9 i velk\u00e9 projekty.'><\/a><div class='logo-description'><p>Virtualiza\u010dn\u00ed platforma pro mal\u00e9 i velk\u00e9 projekty.<\/p>\n<\/div><\/div><\/div><\/div><\/div><\/div>\n","protected":false},"excerpt":{"rendered":"","protected":false},"author":1,"featured_media":0,"parent":0,"menu_order":0,"comment_status":"closed","ping_status":"closed","template":"page-fullwidth.php","meta":{"_acf_changed":false,"footnotes":""},"tags":[],"class_list":["post-456","page","type-page","status-publish","hentry"],"acf":[],"_links":{"self":[{"href":"https:\/\/www.id-tech.cz\/index.php?rest_route=\/wp\/v2\/pages\/456","targetHints":{"allow":["GET"]}}],"collection":[{"href":"https:\/\/www.id-tech.cz\/index.php?rest_route=\/wp\/v2\/pages"}],"about":[{"href":"https:\/\/www.id-tech.cz\/index.php?rest_route=\/wp\/v2\/types\/page"}],"author":[{"embeddable":true,"href":"https:\/\/www.id-tech.cz\/index.php?rest_route=\/wp\/v2\/users\/1"}],"replies":[{"embeddable":true,"href":"https:\/\/www.id-tech.cz\/index.php?rest_route=%2Fwp%2Fv2%2Fcomments&post=456"}],"version-history":[{"count":1,"href":"https:\/\/www.id-tech.cz\/index.php?rest_route=\/wp\/v2\/pages\/456\/revisions"}],"predecessor-version":[{"id":457,"href":"https:\/\/www.id-tech.cz\/index.php?rest_route=\/wp\/v2\/pages\/456\/revisions\/457"}],"wp:attachment":[{"href":"https:\/\/www.id-tech.cz\/index.php?rest_route=%2Fwp%2Fv2%2Fmedia&parent=456"}],"wp:term":[{"taxonomy":"post_tag","embeddable":true,"href":"https:\/\/www.id-tech.cz\/index.php?rest_route=%2Fwp%2Fv2%2Ftags&post=456"}],"curies":[{"name":"wp","href":"https:\/\/api.w.org\/{rel}","templated":true}]}}