{"id":45,"date":"2015-09-02T20:16:02","date_gmt":"2015-09-02T20:16:02","guid":{"rendered":"http:\/\/test.id-tech.cz\/?page_id=45"},"modified":"2015-09-08T21:52:02","modified_gmt":"2015-09-08T21:52:02","slug":"sprava-domen","status":"publish","type":"page","link":"https:\/\/www.id-tech.cz\/?page_id=45","title":{"rendered":"Spr\u00e1va dom\u00e9n"},"content":{"rendered":"<div id=\"page\">\n<h2>Co je to dom\u00e9na<\/h2>\n<p>Dom\u00e9na, nebo tak\u00e9 dom\u00e9nov\u00e9 jm\u00e9no, slou\u017e\u00ed ke snadn\u011bj\u0161\u00edmu zapamatov\u00e1n\u00ed adresy serveru v Interetu. P\u0159\u00edkladem dom\u00e9nov\u00e9ho jm\u00e9na je nap\u0159\u00edklad www.seznam.cz nebo cz.o2.com. Dom\u00e9na je tvo\u0159ena z n\u011bkolika \u010d\u00e1st\u00ed, kter\u00e9 jsou od sebe odd\u011blen\u00e9 te\u010dkami. \u010c\u00e1sti jsou se\u0159azeny postupn\u011b podle obecnosti. Prvn\u00ed \u010d\u00e1st (www) je nejkonkr\u00e9tn\u011bj\u0161\u00ed, odkazuje na jeden ponkr\u00e9tn\u00ed po\u010d\u00edta\u010d v Internetu, posledn\u00ed je nejobecn\u011bj\u0161\u00ed a odkazuje v\u011bt\u0161inou na cel\u00fd st\u00e1t nebo jinou velkou skupinu. Posledn\u00ed \u010d\u00e1st (cz, com)se naz\u00fdv\u00e1 dom\u00e9na nejvy\u0161\u0161\u00edho \u0159\u00e1du nebo tak\u00e9 dom\u00e9na 1. \u0159\u00e1du. My V\u00e1m nab\u00edz\u00edme registraci dom\u00e9ny druh\u00e9ho \u0159\u00e1du (nap\u0159\u00edklad vase-firma.cz)a poskytneme V\u00e1m DNS server, na kter\u00e9m m\u016f\u017eete sami vytv\u00e1\u0159et libovoln\u00fd po\u010det dom\u00e9n t\u0159et\u00edho \u0159\u00e1du (www.vase-firma.cz, obchod.vase-firma.cz). Pokud m\u00e1 V\u00e1mi vybran\u00fd n\u00e1zev dom\u00e9ny v\u00edce slov, je lep\u0161\u00ed, pokud jsou jednotliv\u00e1 slova odd\u011blena poml\u010dkou, proto\u017ee pak vyhled\u00e1va\u010de jako Google dok\u00e1\u017e\u00ed sn\u00e1z identifikovat jednotliv\u00e1 slova a berou n\u00e1zev dom\u00e9ny v patrnosti p\u0159i vyhled\u00e1v\u00e1n\u00ed.<\/p>\n<h2>Cen\u00edk dom\u00e9n<\/h2>\n<table>\n<tbody>\n<tr>\n<th colspan=\"2\">Cen\u00edk dom\u00e9nov\u00fdch jmen<\/th>\n<\/tr>\n<tr>\n<td>Dom\u00e9na<\/td>\n<td>Ro\u010dn\u00ed poplatek<\/td>\n<\/tr>\n<tr>\n<td>.cz<\/td>\n<td>190 K\u010d (228 K\u010d s DPH)<\/td>\n<\/tr>\n<tr>\n<td>.eu<\/td>\n<td>180 K\u010d (216 K\u010d s DPH)<\/td>\n<\/tr>\n<tr>\n<td>.sk<\/td>\n<td>490 K\u010d (588 K\u010d s DPH)<\/td>\n<\/tr>\n<tr>\n<td>.com .net .org .biz .info<\/td>\n<td>190 K\u010d (228 K\u010d s DPH)<\/td>\n<\/tr>\n<tr>\n<td>.name<\/td>\n<td>390 K\u010d (468 K\u010d s DPH)<\/td>\n<\/tr>\n<\/tbody>\n<\/table>\n<\/div>\n","protected":false},"excerpt":{"rendered":"<p>Co je to dom\u00e9na Dom\u00e9na, nebo tak\u00e9 dom\u00e9nov\u00e9 jm\u00e9no, slou\u017e\u00ed ke snadn\u011bj\u0161\u00edmu zapamatov\u00e1n\u00ed adresy serveru v Interetu. P\u0159\u00edkladem dom\u00e9nov\u00e9ho jm\u00e9na je nap\u0159\u00edklad www.seznam.cz nebo cz.o2.com. Dom\u00e9na je tvo\u0159ena z n\u011bkolika [&hellip;]<\/p>\n","protected":false},"author":1,"featured_media":0,"parent":0,"menu_order":0,"comment_status":"closed","ping_status":"closed","template":"page-fullwidth.php","meta":{"_acf_changed":false,"footnotes":""},"tags":[26,32,48,62,49,4,14,45,46,44,50,30,52,28,57,51,56,31,43,59,23,61,63,47,60,58],"class_list":["post-45","page","type-page","status-publish","hentry","tag-analyza-dat","tag-antivirova-ochrana","tag-automatizace","tag-domenova-jmena","tag-e-shopy","tag-eshopy","tag-hosting","tag-idtech","tag-informacrni-technologie","tag-ioncube","tag-linux-server","tag-mailhosting","tag-outsourcing-it","tag-programovani","tag-registrace-domen","tag-servery","tag-sprava-domen","tag-sprava-serveru","tag-ssl-certifikaty","tag-stranky","tag-systemy-pro-automatizaci","tag-tvorba-webu","tag-volne-domeny","tag-webdesign","tag-webove-stranky","tag-www"],"acf":[],"_links":{"self":[{"href":"https:\/\/www.id-tech.cz\/index.php?rest_route=\/wp\/v2\/pages\/45","targetHints":{"allow":["GET"]}}],"collection":[{"href":"https:\/\/www.id-tech.cz\/index.php?rest_route=\/wp\/v2\/pages"}],"about":[{"href":"https:\/\/www.id-tech.cz\/index.php?rest_route=\/wp\/v2\/types\/page"}],"author":[{"embeddable":true,"href":"https:\/\/www.id-tech.cz\/index.php?rest_route=\/wp\/v2\/users\/1"}],"replies":[{"embeddable":true,"href":"https:\/\/www.id-tech.cz\/index.php?rest_route=%2Fwp%2Fv2%2Fcomments&post=45"}],"version-history":[{"count":1,"href":"https:\/\/www.id-tech.cz\/index.php?rest_route=\/wp\/v2\/pages\/45\/revisions"}],"predecessor-version":[{"id":46,"href":"https:\/\/www.id-tech.cz\/index.php?rest_route=\/wp\/v2\/pages\/45\/revisions\/46"}],"wp:attachment":[{"href":"https:\/\/www.id-tech.cz\/index.php?rest_route=%2Fwp%2Fv2%2Fmedia&parent=45"}],"wp:term":[{"taxonomy":"post_tag","embeddable":true,"href":"https:\/\/www.id-tech.cz\/index.php?rest_route=%2Fwp%2Fv2%2Ftags&post=45"}],"curies":[{"name":"wp","href":"https:\/\/api.w.org\/{rel}","templated":true}]}}