{"id":43,"date":"2015-09-02T20:15:17","date_gmt":"2015-09-02T20:15:17","guid":{"rendered":"http:\/\/test.id-tech.cz\/?page_id=43"},"modified":"2015-09-08T21:46:56","modified_gmt":"2015-09-08T21:46:56","slug":"hostingove-sluzby","status":"publish","type":"page","link":"https:\/\/www.id-tech.cz\/?page_id=43","title":{"rendered":"Hostingov\u00e9 slu\u017eby"},"content":{"rendered":"<div id=\"obsah\">\n<div id=\"obsahin\">\n<div id=\"page\">\n<h2>Webhosting<\/h2>\n<p>Nab\u00edz\u00edme V\u00e1m profesion\u00e1ln\u00ed webhosting, tedy um\u00edst\u011bn\u00ed Va\u0161ich www str\u00e1nek na na\u0161em serveru v Internetu. N\u00e1\u0161 Server je um\u00edst\u011bn v bezpe\u010dn\u00fdch prostor\u00e1ch se z\u00e1lo\u017en\u00edm zdrojem, gener\u00e1torem a klimatizac\u00ed. Tyto prostory jsou zabezpe\u010deny jak alarmem a kamerov\u00fdm syst\u00e9mem, tak tak\u00e9 st\u00e1lou 24 hodinovou slu\u017ebou.<\/p>\n<h3>V z\u00e1kladn\u00ed cen\u011b ka\u017ed\u00e9ho webhostingov\u00e9ho programu najdete:<\/h3>\n<ul>\n<li>PHP 5.X a MySQL 5.0.X<\/li>\n<li>Automatick\u00e9 denn\u00ed z\u00e1lohov\u00e1n\u00ed soubor\u016f a z\u00e1lohov\u00e1n\u00ed datab\u00e1ze ka\u017edou hodinu<\/li>\n<li>Automatick\u00e9 z\u00e1lohov\u00e1n\u00ed datab\u00e1ze 4x denn\u011b<\/li>\n<li>phpMyAdmin<\/li>\n<li>Hotline v pracovn\u00ed dny od 7.00 do 19.00<\/li>\n<li>Mo\u017enost zabezpe\u010den\u00ed SSL certifik\u00e1tem<\/li>\n<li>Neomezen\u00fd p\u0159enos dat<\/li>\n<\/ul>\n<h2 id=\"E-mail\">E-mail Hosting<\/h2>\n<p>Hosting emal\u016f je slu\u017eba podobn\u00e1 webhostingu, s t\u00edm rozd\u00edlem, \u017ee se nejedn\u00e1 o Internetov\u00e9 str\u00e1nky ale o elektronickou po\u0161tu.<\/p>\n<h3>Antivirov\u00e1 ochrana po\u0161ty<\/h3>\n<p>Zaru\u010dujeme V\u00e1m stoprocentn\u00ed jistotu, \u017ee ka\u017ed\u00fd p\u0159ijat\u00fd email na na\u0161e servery je d\u016fkladn\u011b kontrolov\u00e1n antivirov\u00fdm syst\u00e9mem, kter\u00fd zaji\u0161\u0165uje na\u0161im z\u00e1kazn\u00edk\u016fm ochranu p\u0159ed virovou n\u00e1kazou jejich PC. E-maily kter\u00e9 neobsahuj\u00ed nic jin\u00e9ho ne\u017e virus se k na\u0161im z\u00e1kazn\u00edk\u016fm v\u016fbec nedostanou. Pokud n\u00e1\u0161 syst\u00e9m identifikuje email s infikovan\u00fdm souborem, tak odstran\u00ed pouze virus a do emailu vlo\u017e\u00ed informaci o tom, jak\u00e9 soubory byly odstran\u011bny.<\/p>\n<h3>Antispamov\u00e1 kontrola po\u0161ty<\/h3>\n<p>Dal\u0161\u00ed u\u017eite\u010dnou slu\u017ebou je skute\u010dnost, \u017ee na\u0161e po\u0161tovn\u00ed syst\u00e9my kontroluj\u00ed ve\u0161kerou p\u0159ijatou po\u0161tu a odstra\u0148uj\u00ed emaily vyhodnocen\u00e9 jako spam. Jako spam se ozna\u010duje nevy\u017e\u00e1dan\u00e1 reklamn\u00ed zpr\u00e1va. Z\u00e1kazn\u00edci tak\u00e9 mohou vyu\u017e\u00edt p\u0159ednastavenou filtraci spam\u016f p\u0159\u00edmo na serveru a ji\u017e nemus\u00ed spamy p\u0159ij\u00edmat. Nem\u016f\u017eeme zaru\u010dit stoprocentn\u00ed zachycen\u00ed v\u0161ech spam\u016f, n\u00e1\u0161 syst\u00e9m je nastaven\u00fd tak, aby v \u017e\u00e1dn\u00e9m p\u0159\u00edpad\u011b nesmazal jako spam regul\u00e9rn\u00ed zpr\u00e1vu, ka\u017ed\u00fd den odhal\u00ed a sma\u017ee n\u011bkolik tis\u00edc email\u016f. Syst\u00e9mem pronikne pouze necel\u00e9 jedno procento SPAM\u016f.<\/p>\n<h3>V z\u00e1kladn\u00ed cen\u011b ka\u017ed\u00e9ho email hostingov\u00e9ho programu s emailem najdete:<\/h3>\n<ul>\n<li>Antivirovou a antispamovaou kontrolu<\/li>\n<li>Mo\u017enost nastaven\u00ed automatick\u00e9 odpov\u011bdi na emaily<\/li>\n<li>P\u0159\u00edstup p\u0159es protokoly POP3 a IMAP pro p\u0159\u00edjem po\u0161ty a SMTP pro odes\u00edl\u00e1n\u00ed po\u0161ty<\/li>\n<li>P\u0159\u00edstup k email\u016fm p\u0159es prohl\u00ed\u017ee\u010d Internetu (Webmail) zabezpe\u010den\u00fd protokolem SSL<\/li>\n<\/ul>\n<h3>Cen\u00edk<\/h3>\n<table>\n<tbody>\n<tr>\n<th colspan=\"4\">Cen\u00edk hostingov\u00fdch program\u016f<\/th>\n<\/tr>\n<tr>\n<td>Program<\/td>\n<td>Ro\u010dn\u00ed poplatek<\/td>\n<td>Prostor pro data<\/td>\n<td>Emaily<\/td>\n<\/tr>\n<tr>\n<td>Mini<\/td>\n<td>250 K\u010d (21 K\u010d\/m\u011bs)<\/td>\n<td>500MB<\/td>\n<td>Ne<\/td>\n<\/tr>\n<tr>\n<td>Mini + Email<\/td>\n<td>350 K\u010d (29 K\u010d\/m\u011bs)<\/td>\n<td>1 000MB<\/td>\n<td>Ano<\/td>\n<\/tr>\n<tr>\n<td>Standard<\/td>\n<td>650 K\u010d (54 K\u010d\/m\u011bs)<\/td>\n<td>2 000MB<\/td>\n<td>Ne<\/td>\n<\/tr>\n<tr>\n<td>Standard + Email<\/td>\n<td>800 K\u010d (67 K\u010d\/m\u011bs)<\/td>\n<td>3 000MB<\/td>\n<td>Ano<\/td>\n<\/tr>\n<tr>\n<td>Maxi<\/td>\n<td>1600 K\u010d (133 K\u010d\/m\u011bs)<\/td>\n<td>15 000MB<\/td>\n<td>Ano<\/td>\n<\/tr>\n<\/tbody>\n<\/table>\n<div class=\"cleaner\"><\/div>\n<\/div>\n<div class=\"tail\"><\/div>\n<\/div>\n<\/div>\n","protected":false},"excerpt":{"rendered":"<p>Webhosting Nab\u00edz\u00edme V\u00e1m profesion\u00e1ln\u00ed webhosting, tedy um\u00edst\u011bn\u00ed Va\u0161ich www str\u00e1nek na na\u0161em serveru v Internetu. N\u00e1\u0161 Server je um\u00edst\u011bn v bezpe\u010dn\u00fdch prostor\u00e1ch se z\u00e1lo\u017en\u00edm zdrojem, gener\u00e1torem a klimatizac\u00ed. Tyto prostory [&hellip;]<\/p>\n","protected":false},"author":1,"featured_media":0,"parent":0,"menu_order":0,"comment_status":"closed","ping_status":"closed","template":"page-fullwidth.php","meta":{"_acf_changed":false,"footnotes":""},"tags":[39,32,34,38,35,14,36,42,40,37,44,30,41,33,31,43,29],"class_list":["post-43","page","type-page","status-publish","hentry","tag-antispamova-ochrana","tag-antivirova-ochrana","tag-apache","tag-filtrace-spamu","tag-gostovani-stranek","tag-hosting","tag-hosting-www","tag-hotline-247","tag-imap","tag-internetove-stranky","tag-ioncube","tag-mailhosting","tag-pop3","tag-postovni-ucty","tag-sprava-serveru","tag-ssl-certifikaty","tag-webhosting"],"acf":[],"_links":{"self":[{"href":"https:\/\/www.id-tech.cz\/index.php?rest_route=\/wp\/v2\/pages\/43","targetHints":{"allow":["GET"]}}],"collection":[{"href":"https:\/\/www.id-tech.cz\/index.php?rest_route=\/wp\/v2\/pages"}],"about":[{"href":"https:\/\/www.id-tech.cz\/index.php?rest_route=\/wp\/v2\/types\/page"}],"author":[{"embeddable":true,"href":"https:\/\/www.id-tech.cz\/index.php?rest_route=\/wp\/v2\/users\/1"}],"replies":[{"embeddable":true,"href":"https:\/\/www.id-tech.cz\/index.php?rest_route=%2Fwp%2Fv2%2Fcomments&post=43"}],"version-history":[{"count":1,"href":"https:\/\/www.id-tech.cz\/index.php?rest_route=\/wp\/v2\/pages\/43\/revisions"}],"predecessor-version":[{"id":44,"href":"https:\/\/www.id-tech.cz\/index.php?rest_route=\/wp\/v2\/pages\/43\/revisions\/44"}],"wp:attachment":[{"href":"https:\/\/www.id-tech.cz\/index.php?rest_route=%2Fwp%2Fv2%2Fmedia&parent=43"}],"wp:term":[{"taxonomy":"post_tag","embeddable":true,"href":"https:\/\/www.id-tech.cz\/index.php?rest_route=%2Fwp%2Fv2%2Ftags&post=43"}],"curies":[{"name":"wp","href":"https:\/\/api.w.org\/{rel}","templated":true}]}}