{"id":136,"date":"2017-07-19T23:22:07","date_gmt":"2017-07-19T23:22:07","guid":{"rendered":"http:\/\/www.id-tech.cz\/?page_id=136"},"modified":"2017-07-19T23:27:55","modified_gmt":"2017-07-19T23:27:55","slug":"evropsky-socialni-fond","status":"publish","type":"page","link":"https:\/\/www.id-tech.cz\/?page_id=136","title":{"rendered":"Evropsk\u00fd soci\u00e1ln\u00ed fond"},"content":{"rendered":"<p><strong>Evropsk\u00fd soci\u00e1ln\u00ed fond<\/strong><\/p>\n<p><a href=\"http:\/\/www.id-tech.cz\/wp-content\/uploads\/2017\/07\/EU2.jpg\"><img loading=\"lazy\" decoding=\"async\" class=\"size-medium wp-image-137 alignright\" src=\"http:\/\/www.id-tech.cz\/wp-content\/uploads\/2017\/07\/EU2-300x61.jpg\" alt=\"eu2\" width=\"300\" height=\"61\" srcset=\"https:\/\/www.id-tech.cz\/wp-content\/uploads\/2017\/07\/EU2-300x61.jpg 300w, https:\/\/www.id-tech.cz\/wp-content\/uploads\/2017\/07\/EU2.jpg 519w\" sizes=\"auto, (max-width: 300px) 100vw, 300px\" \/><\/a>V roce 2017 n\u00e1m byl schv\u00e1len projekt \u2013 \u201eVzd\u011bl\u00e1v\u00e1n\u00ed zam\u011bstnanc\u016f CSF a partnera\u201c. C\u00edlem projektu je zv\u00fd\u0161it odbornou \u00farove\u0148 a kompetence zam\u011bstnanc\u016f spole\u010dnosti CSF s.r.o. a partnera \u2013 Id-Tech, s.r.o. Podpora z fond\u016f EU je rozd\u011blov\u00e1na prost\u0159ednictv\u00edm <a href=\"https:\/\/www.esfcr.cz\/operacni-program-zamestnanost\">Op<\/a><a href=\"https:\/\/www.esfcr.cz\/operacni-program-zamestnanost\">era\u010dn\u00edho programu Zam\u011bstnanost<\/a> jeho\u017e \u0159\u00edd\u00edc\u00edm org\u00e1nem je Ministerstvo pr\u00e1ce a soci\u00e1ln\u00edch v\u011bc\u00ed \u010cR.<\/p>\n<p>&nbsp;<\/p>\n","protected":false},"excerpt":{"rendered":"<p>Evropsk\u00fd soci\u00e1ln\u00ed fond V roce 2017 n\u00e1m byl schv\u00e1len projekt \u2013 \u201eVzd\u011bl\u00e1v\u00e1n\u00ed zam\u011bstnanc\u016f CSF a partnera\u201c. C\u00edlem projektu je zv\u00fd\u0161it odbornou \u00farove\u0148 a kompetence zam\u011bstnanc\u016f spole\u010dnosti CSF s.r.o. a partnera [&hellip;]<\/p>\n","protected":false},"author":1,"featured_media":0,"parent":0,"menu_order":0,"comment_status":"closed","ping_status":"closed","template":"page-fullwidth.php","meta":{"_acf_changed":false,"footnotes":""},"tags":[],"class_list":["post-136","page","type-page","status-publish","hentry"],"acf":[],"_links":{"self":[{"href":"https:\/\/www.id-tech.cz\/index.php?rest_route=\/wp\/v2\/pages\/136","targetHints":{"allow":["GET"]}}],"collection":[{"href":"https:\/\/www.id-tech.cz\/index.php?rest_route=\/wp\/v2\/pages"}],"about":[{"href":"https:\/\/www.id-tech.cz\/index.php?rest_route=\/wp\/v2\/types\/page"}],"author":[{"embeddable":true,"href":"https:\/\/www.id-tech.cz\/index.php?rest_route=\/wp\/v2\/users\/1"}],"replies":[{"embeddable":true,"href":"https:\/\/www.id-tech.cz\/index.php?rest_route=%2Fwp%2Fv2%2Fcomments&post=136"}],"version-history":[{"count":7,"href":"https:\/\/www.id-tech.cz\/index.php?rest_route=\/wp\/v2\/pages\/136\/revisions"}],"predecessor-version":[{"id":145,"href":"https:\/\/www.id-tech.cz\/index.php?rest_route=\/wp\/v2\/pages\/136\/revisions\/145"}],"wp:attachment":[{"href":"https:\/\/www.id-tech.cz\/index.php?rest_route=%2Fwp%2Fv2%2Fmedia&parent=136"}],"wp:term":[{"taxonomy":"post_tag","embeddable":true,"href":"https:\/\/www.id-tech.cz\/index.php?rest_route=%2Fwp%2Fv2%2Ftags&post=136"}],"curies":[{"name":"wp","href":"https:\/\/api.w.org\/{rel}","templated":true}]}}