{"id":12,"date":"2015-09-02T20:03:17","date_gmt":"2015-09-02T20:03:17","guid":{"rendered":"http:\/\/test.id-tech.cz\/?page_id=12"},"modified":"2015-09-08T21:55:01","modified_gmt":"2015-09-08T21:55:01","slug":"sprava-it","status":"publish","type":"page","link":"https:\/\/www.id-tech.cz\/?page_id=12","title":{"rendered":"Spr\u00e1va IT"},"content":{"rendered":"<h2>Outsourcing IT &#8211; p\u0159evezmeme starosti o Va\u0161e po\u010d\u00edta\u010de na sebe.<\/h2>\n<p>Jedna ze z\u00e1kladn\u00edch slu\u017eeb, kter\u00e9 poskytujeme, je outsourcing IT. Tato slu\u017eba je ur\u010dena pro spole\u010dnosti, kter\u00e9 nemaj\u00ed vlastn\u00ed IT odd\u011blen\u00ed, nebo jejich IT odd\u011blen\u00ed nesta\u010d\u00ed pokr\u00fdvat v\u0161echny po\u017eadavky pracovn\u00edk\u016f spole\u010dnsti. Informa\u010dn\u00ed technologie, tedy po\u010d\u00edta\u010de, Internet a telefony, dnes hraj\u00ed d\u016fle\u017eitou roli ve Va\u0161em podnik\u00e1n\u00ed. Proto je d\u016fle\u017eit\u00e9 polo\u017eit si tyto ot\u00e1zky. Pot\u0159ebujete firmu, kter\u00e1 bude schopn\u00e1 starat se o plynul\u00fd b\u011bh Va\u0161eho syst\u00e9mu? Pot\u0159ebujete vybudovat V\u00e1\u0161 syst\u00e9m a informa\u010dn\u00ed strukturu? Jsme schopni V\u00e1m tuto spr\u00e1vu s\u00edt\u011b zajistit a tak\u00e9 p\u0159evz\u00edt odpov\u011bdnost za provoz Va\u0161eho informa\u010dn\u00edho syt\u00e9mu.<\/p>\n<h2>Spr\u00e1va s\u00edt\u011b<\/h2>\n<p>Zajist\u00edme bezpe\u010dnost Va\u0161eho serveru, evidenci sd\u00edlen\u00fdch prost\u0159edk\u016f, nastaven\u00ed ochrann\u00fdch protokol\u016f a tak\u00e9 sledujeme pokusy o neopr\u00e1vn\u011bn\u00e9 vniknut\u00ed. Samoz\u0159ejmost\u00ed je z\u00e1lohov\u00e1n\u00ed a archivace Va\u0161ich dat. Sou\u010d\u00e1st\u00ed spr\u00e1vy s\u00edt\u011b je \u00fadr\u017eba, rekonfigurace a opravy server\u016f, PC, tisk\u00e1ren, telefon\u016f, scanner\u016f a to v\u0161e v nejkrat\u0161\u00ed mo\u017en\u00e9 dob\u011b. Podle klientov\u00fdch pot\u0159eb zaji\u0161\u0165ujeme spr\u00e1vu s\u00edt\u00ed zalo\u017een\u00fdch na syst\u00e9mech Windows nebo Linux.<\/p>\n<h2>IT poradenstv\u00ed, konzultace, anal\u00fdzy<\/h2>\n<p>R\u00e1di V\u00e1m porad\u00edme a pom\u016f\u017eeme utvo\u0159it anal\u00fdzy, kter\u00e9 pot\u0159ebujete pro sv\u00e9 rozhodov\u00e1n\u00ed. Na\u0161e slu\u017eby v t\u00e9to oblasti pokr\u00fdvaj\u00ed problematiku od \u0159e\u0161en\u00ed konkr\u00e9tn\u00edch probl\u00e9m\u016f a\u017e po kompletn\u00ed p\u0159evzet\u00ed odpov\u011bdnosti za IT a telekomunikace.<\/p>\n<h2>Informa\u010dn\u00ed technologie od A do Z<\/h2>\n<p>Krom\u011b starosti o po\u010d\u00edta\u010de um\u00edme tak\u00e9 vybudovat s\u00ed\u0165, a\u0165 u\u017e pomoc\u00ed strukturovan\u00e9 kabel\u00e1\u017ee nebo WiFi, p\u0159\u00edpadn\u011b V\u00e1m dod\u00e1me kamerov\u00fd syst\u00e9m pro ochranu Va\u0161eho majetku.<\/p>\n<p>D\u00e1le V\u00e1m m\u016f\u017eeme nab\u00eddnout vytvo\u0159en\u00ed www str\u00e1nek, a\u0165 u\u017e \u00fapln\u011b jednoduch\u00fdch, nebo komplexn\u00edch www str\u00e1nek s elektronick\u00fdm obchodem napojen\u00fdm na V\u00e1s informa\u010dn\u00ed syst\u00e9m. P\u0159\u00edpadn\u011b jsme schopni Vytvo\u0159it zcela nov\u00fd Informa\u010dn\u00ed syst\u00e9m dle Va\u0161ich po\u017eadavk\u016f. Informa\u010dn\u00ed syst\u00e9m, stejn\u011b jako www str\u00e1nky, m\u016f\u017eeme um\u00edstit bu\u010f na server ve Va\u0161\u00ed provozovn\u011b nebo V\u00e1m poskytneme prostor na na\u0161em serveru um\u00edst\u011bn\u00e9m na p\u00e1te\u0159i Internetu.<\/p>\n","protected":false},"excerpt":{"rendered":"<p>Outsourcing IT &#8211; p\u0159evezmeme starosti o Va\u0161e po\u010d\u00edta\u010de na sebe. Jedna ze z\u00e1kladn\u00edch slu\u017eeb, kter\u00e9 poskytujeme, je outsourcing IT. Tato slu\u017eba je ur\u010dena pro spole\u010dnosti, kter\u00e9 nemaj\u00ed vlastn\u00ed IT odd\u011blen\u00ed, [&hellip;]<\/p>\n","protected":false},"author":1,"featured_media":0,"parent":0,"menu_order":0,"comment_status":"closed","ping_status":"closed","template":"page-fullwidth.php","meta":{"_acf_changed":false,"footnotes":""},"tags":[26,32,48,81,49,4,14,45,46,44,80,50,30,52,79,28,51,76,78,31,77,43,23,47],"class_list":["post-12","page","type-page","status-publish","hentry","tag-analyza-dat","tag-antivirova-ochrana","tag-automatizace","tag-bezdratove-site","tag-e-shopy","tag-eshopy","tag-hosting","tag-idtech","tag-informacrni-technologie","tag-ioncube","tag-lan-site","tag-linux-server","tag-mailhosting","tag-outsourcing-it","tag-pocitacova-sit","tag-programovani","tag-servery","tag-sprava-it","tag-sprava-pocitacu","tag-sprava-serveru","tag-sprava-siti","tag-ssl-certifikaty","tag-systemy-pro-automatizaci","tag-webdesign"],"acf":[],"_links":{"self":[{"href":"https:\/\/www.id-tech.cz\/index.php?rest_route=\/wp\/v2\/pages\/12","targetHints":{"allow":["GET"]}}],"collection":[{"href":"https:\/\/www.id-tech.cz\/index.php?rest_route=\/wp\/v2\/pages"}],"about":[{"href":"https:\/\/www.id-tech.cz\/index.php?rest_route=\/wp\/v2\/types\/page"}],"author":[{"embeddable":true,"href":"https:\/\/www.id-tech.cz\/index.php?rest_route=\/wp\/v2\/users\/1"}],"replies":[{"embeddable":true,"href":"https:\/\/www.id-tech.cz\/index.php?rest_route=%2Fwp%2Fv2%2Fcomments&post=12"}],"version-history":[{"count":1,"href":"https:\/\/www.id-tech.cz\/index.php?rest_route=\/wp\/v2\/pages\/12\/revisions"}],"predecessor-version":[{"id":13,"href":"https:\/\/www.id-tech.cz\/index.php?rest_route=\/wp\/v2\/pages\/12\/revisions\/13"}],"wp:attachment":[{"href":"https:\/\/www.id-tech.cz\/index.php?rest_route=%2Fwp%2Fv2%2Fmedia&parent=12"}],"wp:term":[{"taxonomy":"post_tag","embeddable":true,"href":"https:\/\/www.id-tech.cz\/index.php?rest_route=%2Fwp%2Fv2%2Ftags&post=12"}],"curies":[{"name":"wp","href":"https:\/\/api.w.org\/{rel}","templated":true}]}}